{"id":34964,"date":"2020-04-20T11:12:44","date_gmt":"2020-04-20T09:12:44","guid":{"rendered":"https:\/\/dev.eggerinstruments.ch\/produkt\/model-42\/"},"modified":"2026-01-06T13:30:42","modified_gmt":"2026-01-06T12:30:42","slug":"rotary-model-42","status":"publish","type":"product","link":"https:\/\/eggerinstruments.ch\/en\/produkt\/rotary-model-42\/","title":{"rendered":"Model 42"},"content":{"rendered":"<ul>\n<li>Zirnbauer valve section in normal or heavy<\/li>\n<li>Medium 11.2 mm or large 11.5 mm bore (not available for heavy)<\/li>\n<li>The instrument is equipped regularly with the leadpipe G0. As an alternative, the leadpipes J0 or JS are available. More leadpipe options on request<\/li>\n<li>Combined double trigger for 1st and 3rd slide<\/li>\n<li>The bell is available in gold brass or brass with garland<\/li>\n<li>Vienna keys for C and A<\/li>\n<li>Water key on the 3rd valve slide<\/li>\n<li>Decompression hole<\/li>\n<li>Finish raw, lacquered, silver plated, gold plated or brushed gold plated<\/li>\n<\/ul>\n","protected":false},"excerpt":{"rendered":"<p style=\"margin-bottom: 0.5em;\">For many years a proven classic, the trumpet has been developed for the highest orchestral demands and solo performance. It impresses with a rich, brilliant tone, precise response, and excellent intonation. The combination of a medium bell with a medium or large bore option allows versatile useSeit vielen Jahren ein bew\u00e4hrter Klassiker und f\u00fcr h\u00f6chste Anforderungen im Orchester und f\u00fcr solistisches Spiel entwickelt, \u00fcberzeugt die Trompete durch einen farbenreichen, brillanten Ton, pr\u00e4zise Ansprache und hervorragende Intonation. Die Kombination aus mittlerem Schallbecher und wahlweise mittlerer oder gro\u00dfer Bohrung erm\u00f6glicht einen vielseitigen Einsatz. <\/p>\n<p style=\"margin-bottom: 0.5em;\"><strong>Specifications:<\/strong><\/p>\n<ul style=\"list-style-type: disc; padding-left: 1.4em; margin-top: 0; margin-bottom: 0.5em;\">\n<li>Hand hammered gold brass bell made of a one-piece cut, \u2300 130 mm<\/li>\n<li>One-piece valve slides in gold brass<\/li>\n<li>Zirnbauer valve section with nickel silver housing and bronze valves<\/li>\n<li>Exchangeable leadpipes<\/li>\n<li>Progressive trigger on the 3rd valve slide<\/li>\n<\/ul>\n","protected":false},"featured_media":25085,"template":"","meta":{"_acf_changed":false},"product_brand":[],"product_cat":[632,624,625],"product_tag":[],"class_list":{"0":"post-34964","1":"product","2":"type-product","3":"status-publish","4":"has-post-thumbnail","6":"product_cat-config","7":"product_cat-galileo-en","8":"product_cat-rotary","9":"product_shipping_class-shipping-instrument","11":"entry","12":"has-media","14":"first","15":"instock","16":"virtual","17":"taxable","18":"purchasable","19":"product-type-bundle","20":"has-product-nav","21":"col","22":"span_1_of_3","23":"owp-content-center","24":"owp-thumbs-layout-horizontal","25":"owp-btn-normal","26":"owp-tabs-layout-horizontal"},"composite_virtual":false,"composite_layout":"","composite_add_to_cart_form_location":"","composite_editable_in_cart":false,"composite_sold_individually_context":"","composite_shop_price_calc":"","composite_components":[],"composite_scenarios":[],"bundled_by":[],"bundle_stock_status":"instock","bundle_stock_quantity":"","bundle_virtual":false,"bundle_layout":"default","bundle_add_to_cart_form_location":"default","bundle_editable_in_cart":true,"bundle_sold_individually_context":"product","bundle_item_grouping":"parent","bundle_min_size":"","bundle_max_size":"","bundle_price":{"price":{"min":{"incl_tax":"4957","excl_tax":"4585.57"},"max":{"incl_tax":"6705","excl_tax":"6202.59"}},"regular_price":{"min":{"incl_tax":"4957","excl_tax":"4585.57"},"max":{"incl_tax":"6705","excl_tax":"6202.59"}}},"bundled_items":[{"bundled_item_id":2176,"product_id":33107,"menu_order":0,"quantity_min":1,"quantity_max":1,"quantity_default":1,"priced_individually":true,"shipped_individually":false,"override_title":false,"title":"Body 42","override_description":false,"description":"Body 42","optional":false,"hide_thumbnail":true,"discount":"","override_variations":true,"allowed_variations":[33110,33112,33113],"override_default_variation_attributes":false,"default_variation_attributes":[],"single_product_visibility":"visible","cart_visibility":"visible","order_visibility":"visible","single_product_price_visibility":"visible","cart_price_visibility":"visible","order_price_visibility":"visible","stock_status":"in_stock"},{"bundled_item_id":2177,"product_id":33222,"menu_order":1,"quantity_min":1,"quantity_max":1,"quantity_default":1,"priced_individually":true,"shipped_individually":false,"override_title":false,"title":"Bell","override_description":false,"description":"Bell","optional":false,"hide_thumbnail":true,"discount":"","override_variations":false,"allowed_variations":[""],"override_default_variation_attributes":false,"default_variation_attributes":[],"single_product_visibility":"visible","cart_visibility":"visible","order_visibility":"visible","single_product_price_visibility":"visible","cart_price_visibility":"visible","order_price_visibility":"visible","stock_status":"in_stock"},{"bundled_item_id":2178,"product_id":33230,"menu_order":2,"quantity_min":1,"quantity_max":1,"quantity_default":1,"priced_individually":true,"shipped_individually":false,"override_title":false,"title":"Leadpipe rotary trumpet","override_description":false,"description":"Leadpipe rotary trumpet","optional":false,"hide_thumbnail":true,"discount":"","override_variations":false,"allowed_variations":[""],"override_default_variation_attributes":false,"default_variation_attributes":[],"single_product_visibility":"visible","cart_visibility":"visible","order_visibility":"visible","single_product_price_visibility":"visible","cart_price_visibility":"visible","order_price_visibility":"visible","stock_status":"in_stock"},{"bundled_item_id":2179,"product_id":33238,"menu_order":3,"quantity_min":1,"quantity_max":1,"quantity_default":1,"priced_individually":true,"shipped_individually":false,"override_title":false,"title":"Trigger rotary trumpet","override_description":false,"description":"Trigger rotary trumpet","optional":false,"hide_thumbnail":true,"discount":"","override_variations":false,"allowed_variations":[""],"override_default_variation_attributes":false,"default_variation_attributes":[],"single_product_visibility":"visible","cart_visibility":"visible","order_visibility":"visible","single_product_price_visibility":"visible","cart_price_visibility":"visible","order_price_visibility":"visible","stock_status":"in_stock"},{"bundled_item_id":2180,"product_id":33251,"menu_order":4,"quantity_min":1,"quantity_max":1,"quantity_default":1,"priced_individually":true,"shipped_individually":false,"override_title":false,"title":"Vienna keys","override_description":false,"description":"Vienna keys","optional":false,"hide_thumbnail":true,"discount":"","override_variations":true,"allowed_variations":[33254,33252,33253],"override_default_variation_attributes":false,"default_variation_attributes":[],"single_product_visibility":"visible","cart_visibility":"visible","order_visibility":"visible","single_product_price_visibility":"visible","cart_price_visibility":"visible","order_price_visibility":"visible","stock_status":"in_stock"},{"bundled_item_id":2181,"product_id":33225,"menu_order":5,"quantity_min":1,"quantity_max":1,"quantity_default":1,"priced_individually":false,"shipped_individually":false,"override_title":false,"title":"Decompression hole","override_description":false,"description":"Decompression hole","optional":false,"hide_thumbnail":true,"discount":"","override_variations":true,"allowed_variations":[33226,33227,33228],"override_default_variation_attributes":false,"default_variation_attributes":[],"single_product_visibility":"visible","cart_visibility":"visible","order_visibility":"visible","single_product_price_visibility":"visible","cart_price_visibility":"visible","order_price_visibility":"visible","stock_status":"in_stock"},{"bundled_item_id":2182,"product_id":33234,"menu_order":6,"quantity_min":1,"quantity_max":1,"quantity_default":1,"priced_individually":true,"shipped_individually":false,"override_title":false,"title":"Water key on the 3rd valve slide","override_description":false,"description":"Water key on the 3rd valve slide","optional":false,"hide_thumbnail":true,"discount":"","override_variations":false,"allowed_variations":[""],"override_default_variation_attributes":false,"default_variation_attributes":[],"single_product_visibility":"visible","cart_visibility":"visible","order_visibility":"visible","single_product_price_visibility":"visible","cart_price_visibility":"visible","order_price_visibility":"visible","stock_status":"in_stock"},{"bundled_item_id":2183,"product_id":33244,"menu_order":7,"quantity_min":1,"quantity_max":1,"quantity_default":1,"priced_individually":true,"shipped_individually":false,"override_title":false,"title":"Finish","override_description":false,"description":"Finish","optional":false,"hide_thumbnail":true,"discount":"","override_variations":true,"allowed_variations":[33245,33246,33247,33248,33249],"override_default_variation_attributes":false,"default_variation_attributes":[],"single_product_visibility":"visible","cart_visibility":"visible","order_visibility":"visible","single_product_price_visibility":"visible","cart_price_visibility":"visible","order_price_visibility":"visible","stock_status":"in_stock"}],"bundle_sell_ids":[],"acf":[],"_links":{"self":[{"href":"https:\/\/eggerinstruments.ch\/en\/wp-json\/wp\/v2\/product\/34964","targetHints":{"allow":["GET"]}}],"collection":[{"href":"https:\/\/eggerinstruments.ch\/en\/wp-json\/wp\/v2\/product"}],"about":[{"href":"https:\/\/eggerinstruments.ch\/en\/wp-json\/wp\/v2\/types\/product"}],"version-history":[{"count":3,"href":"https:\/\/eggerinstruments.ch\/en\/wp-json\/wp\/v2\/product\/34964\/revisions"}],"predecessor-version":[{"id":44293,"href":"https:\/\/eggerinstruments.ch\/en\/wp-json\/wp\/v2\/product\/34964\/revisions\/44293"}],"wp:featuredmedia":[{"embeddable":true,"href":"https:\/\/eggerinstruments.ch\/en\/wp-json\/wp\/v2\/media\/25085"}],"wp:attachment":[{"href":"https:\/\/eggerinstruments.ch\/en\/wp-json\/wp\/v2\/media?parent=34964"}],"wp:term":[{"taxonomy":"product_brand","embeddable":true,"href":"https:\/\/eggerinstruments.ch\/en\/wp-json\/wp\/v2\/product_brand?post=34964"},{"taxonomy":"product_cat","embeddable":true,"href":"https:\/\/eggerinstruments.ch\/en\/wp-json\/wp\/v2\/product_cat?post=34964"},{"taxonomy":"product_tag","embeddable":true,"href":"https:\/\/eggerinstruments.ch\/en\/wp-json\/wp\/v2\/product_tag?post=34964"}],"curies":[{"name":"wp","href":"https:\/\/api.w.org\/{rel}","templated":true}]}}