{"id":32736,"date":"2020-05-06T22:01:36","date_gmt":"2020-05-06T20:01:36","guid":{"rendered":"https:\/\/dev.eggerinstruments.ch\/produkt\/rotary-low-f-trumpet\/"},"modified":"2021-10-11T13:50:51","modified_gmt":"2021-10-11T11:50:51","slug":"rotary-low-f-trumpet","status":"publish","type":"product","link":"https:\/\/eggerinstruments.ch\/en\/produkt\/rotary-low-f-trumpet\/","title":{"rendered":"Rotary low F trumpet after Cerveny"},"content":{"rendered":"<p><strong>Options<\/strong><\/p>\n<ul>\n<li>In the basic configuration, the instrument can be played in F and E 440 Hz. For the Eb\/D 440 Hz tunings an extra set consisting of main tuning slide and valve slides is available<\/li>\n<li>Trigger for main tuning slide as an option<\/li>\n<\/ul>\n","protected":false},"excerpt":{"rendered":"<p>Rotary valve trumpet in low F\/E\/Eb\/D<\/p>\n<p>After V\u00e1clav Franti\u0161ek \u010cerven\u00fd,<\/p>\n<p>K\u00f6niggr\u00e4tz 1878<\/p>\n<p>The trumpet is ideal for German Romanticism and blends very well with our romantic trombones, which are also built in this tradition. It can be equipped with a second tuning slide and set of valve slides to be tuned in the Eb key. The semitone step from F to E, or from Eb to D, takes place via pulling out the main tuning slide.<\/p>\n<ul>\n<li>Meinlschmidt valve section with lubrication groove on the valve bearings<\/li>\n<li>Geometry of valve slide arches and knees adapted to the flow conditions.<\/li>\n<li>Soldered from hammered sheet metal.<\/li>\n<\/ul>\n","protected":false},"featured_media":28638,"template":"","meta":{"_acf_changed":false},"product_brand":[],"product_cat":[714,632,713],"product_tag":[],"class_list":{"0":"post-32736","1":"product","2":"type-product","3":"status-publish","4":"has-post-thumbnail","6":"product_cat-cerveny-trumpet","7":"product_cat-config","8":"product_cat-trumpets-of-classical-u-romanticism","9":"product_shipping_class-shipping-instrument","11":"entry","12":"has-media","14":"first","15":"instock","16":"virtual","17":"taxable","18":"purchasable","19":"product-type-bundle","20":"has-product-nav","21":"col","22":"span_1_of_3","23":"owp-content-center","24":"owp-thumbs-layout-horizontal","25":"owp-btn-normal","26":"owp-tabs-layout-horizontal"},"composite_virtual":false,"composite_layout":"","composite_add_to_cart_form_location":"","composite_editable_in_cart":false,"composite_sold_individually_context":"","composite_shop_price_calc":"","composite_components":[],"composite_scenarios":[],"bundled_by":[],"bundle_stock_status":"instock","bundle_stock_quantity":"","bundle_virtual":false,"bundle_layout":"default","bundle_add_to_cart_form_location":"default","bundle_editable_in_cart":true,"bundle_sold_individually_context":"product","bundle_item_grouping":"parent","bundle_min_size":"","bundle_max_size":"","bundle_price":{"price":{"min":{"incl_tax":"6335","excl_tax":"5860.31"},"max":{"incl_tax":"8060","excl_tax":"7456.05"}},"regular_price":{"min":{"incl_tax":"6335","excl_tax":"5860.31"},"max":{"incl_tax":"8060","excl_tax":"7456.05"}}},"bundled_items":[{"bundled_item_id":1193,"product_id":32748,"menu_order":0,"quantity_min":1,"quantity_max":1,"quantity_default":1,"priced_individually":true,"shipped_individually":false,"override_title":false,"title":"Low F trumpet after Cerveny","override_description":false,"description":"Low F trumpet after Cerveny","optional":false,"hide_thumbnail":true,"discount":"","override_variations":false,"allowed_variations":[""],"override_default_variation_attributes":false,"default_variation_attributes":[],"single_product_visibility":"visible","cart_visibility":"visible","order_visibility":"visible","single_product_price_visibility":"visible","cart_price_visibility":"visible","order_price_visibility":"visible","stock_status":"in_stock"},{"bundled_item_id":1194,"product_id":32746,"menu_order":1,"quantity_min":1,"quantity_max":1,"quantity_default":1,"priced_individually":true,"shipped_individually":false,"override_title":false,"title":"Trigger on main tuning slide","override_description":false,"description":"Trigger on main tuning slide","optional":true,"hide_thumbnail":true,"discount":"","override_variations":false,"allowed_variations":[""],"override_default_variation_attributes":false,"default_variation_attributes":[],"single_product_visibility":"visible","cart_visibility":"visible","order_visibility":"visible","single_product_price_visibility":"visible","cart_price_visibility":"visible","order_price_visibility":"visible","stock_status":"in_stock"},{"bundled_item_id":1195,"product_id":32747,"menu_order":2,"quantity_min":1,"quantity_max":1,"quantity_default":1,"priced_individually":true,"shipped_individually":false,"override_title":false,"title":"Tuning slide and valve slides for Eb\/D keys","override_description":false,"description":"Tuning slide and valve slides for Eb\/D keys","optional":true,"hide_thumbnail":true,"discount":"","override_variations":false,"allowed_variations":[""],"override_default_variation_attributes":false,"default_variation_attributes":[],"single_product_visibility":"visible","cart_visibility":"visible","order_visibility":"visible","single_product_price_visibility":"visible","cart_price_visibility":"visible","order_price_visibility":"visible","stock_status":"in_stock"},{"bundled_item_id":1196,"product_id":32739,"menu_order":3,"quantity_min":1,"quantity_max":1,"quantity_default":1,"priced_individually":true,"shipped_individually":false,"override_title":false,"title":"Additional leadpipe","override_description":false,"description":"Additional leadpipe","optional":true,"hide_thumbnail":true,"discount":"","override_variations":false,"allowed_variations":[""],"override_default_variation_attributes":false,"default_variation_attributes":[],"single_product_visibility":"visible","cart_visibility":"visible","order_visibility":"visible","single_product_price_visibility":"visible","cart_price_visibility":"visible","order_price_visibility":"visible","stock_status":"in_stock"},{"bundled_item_id":1197,"product_id":32742,"menu_order":4,"quantity_min":1,"quantity_max":1,"quantity_default":1,"priced_individually":true,"shipped_individually":false,"override_title":false,"title":"Finish","override_description":false,"description":"Finish","optional":false,"hide_thumbnail":true,"discount":"","override_variations":false,"allowed_variations":[""],"override_default_variation_attributes":false,"default_variation_attributes":[],"single_product_visibility":"visible","cart_visibility":"visible","order_visibility":"visible","single_product_price_visibility":"visible","cart_price_visibility":"visible","order_price_visibility":"visible","stock_status":"in_stock"}],"bundle_sell_ids":[],"acf":[],"_links":{"self":[{"href":"https:\/\/eggerinstruments.ch\/en\/wp-json\/wp\/v2\/product\/32736","targetHints":{"allow":["GET"]}}],"collection":[{"href":"https:\/\/eggerinstruments.ch\/en\/wp-json\/wp\/v2\/product"}],"about":[{"href":"https:\/\/eggerinstruments.ch\/en\/wp-json\/wp\/v2\/types\/product"}],"version-history":[{"count":2,"href":"https:\/\/eggerinstruments.ch\/en\/wp-json\/wp\/v2\/product\/32736\/revisions"}],"predecessor-version":[{"id":35028,"href":"https:\/\/eggerinstruments.ch\/en\/wp-json\/wp\/v2\/product\/32736\/revisions\/35028"}],"wp:featuredmedia":[{"embeddable":true,"href":"https:\/\/eggerinstruments.ch\/en\/wp-json\/wp\/v2\/media\/28638"}],"wp:attachment":[{"href":"https:\/\/eggerinstruments.ch\/en\/wp-json\/wp\/v2\/media?parent=32736"}],"wp:term":[{"taxonomy":"product_brand","embeddable":true,"href":"https:\/\/eggerinstruments.ch\/en\/wp-json\/wp\/v2\/product_brand?post=32736"},{"taxonomy":"product_cat","embeddable":true,"href":"https:\/\/eggerinstruments.ch\/en\/wp-json\/wp\/v2\/product_cat?post=32736"},{"taxonomy":"product_tag","embeddable":true,"href":"https:\/\/eggerinstruments.ch\/en\/wp-json\/wp\/v2\/product_tag?post=32736"}],"curies":[{"name":"wp","href":"https:\/\/api.w.org\/{rel}","templated":true}]}}